{"id":3,"date":"2018-11-30T15:43:28","date_gmt":"2018-11-30T14:43:28","guid":{"rendered":"http:\/\/shop.visions4children.org\/?page_id=3"},"modified":"2018-11-30T23:26:10","modified_gmt":"2018-11-30T22:26:10","slug":"datenschutzerklaerung","status":"publish","type":"page","link":"https:\/\/shop.visions4children.org\/en\/datenschutzerklaerung\/","title":{"rendered":"Datenschutzerkl\u00e4rung"},"content":{"rendered":"<p>Verantwortliche Stelle im Sinne der Datenschutzgesetze, insbesondere der EU-Datenschutzgrundverordnung (DSGVO), ist: Visions for Children e.V. \u2013 Vorstand, <a href=\"mailto:info@visions4children.org\" target=\"_blank\" rel=\"noopener\">info@visions4children.org<\/a><\/p>\n<p>&nbsp;<\/p>\n<h4>Ihre Betroffenenrechte<\/h4>\n<p>Unter den angegebenen Kontaktdaten k\u00f6nnen Sie jederzeit folgende Rechte aus\u00fcben:<\/p>\n<ul>\n<li>Auskunft \u00fcber Ihre bei uns gespeicherten Daten und deren Verarbeitung,<\/li>\n<li>Berichtigung unrichtiger personenbezogener Daten,<\/li>\n<li>L\u00f6schung Ihrer bei uns gespeicherten Daten,<\/li>\n<li>Einschr\u00e4nkung der Datenverarbeitung, sofern wir Ihre Daten aufgrund gesetzlicher Pflichten noch nicht l\u00f6schen d\u00fcrfen,<\/li>\n<li>Widerspruch gegen die Verarbeitung Ihrer Daten bei uns und<\/li>\n<li>Daten\u00fcbertragbarkeit, sofern Sie in die Datenverarbeitung eingewilligt haben oder einen Vertrag mit uns abgeschlossen haben.<\/li>\n<\/ul>\n<p>Sofern Sie uns eine Einwilligung erteilt haben, k\u00f6nnen Sie diese jederzeit mit Wirkung f\u00fcr die Zukunft widerrufen.<\/p>\n<p>Sie k\u00f6nnen sich jederzeit mit einer Beschwerde an die f\u00fcr Sie zust\u00e4ndige Aufsichtsbeh\u00f6rde wenden. Ihre zust\u00e4ndige Aufsichtsbeh\u00f6rde richtet sich nach dem Bundesland Ihres Wohnsitzes, Ihrer Arbeit oder der mutma\u00dflichen Verletzung. Eine Liste der Aufsichtsbeh\u00f6rden (f\u00fcr den nicht\u00f6ffentlichen Bereich) mit Anschrift finden Sie unter: <a href=\"https:\/\/www.bfdi.bund.de\/DE\/Infothek\/Anschriften_Links\/anschriften_links-node.html\" target=\"_blank\" rel=\"noopener\">https:\/\/www.bfdi.bund.de\/DE\/Infothek\/Anschriften_Links\/anschriften_links-node.html<\/a>.<\/p>\n<p><strong>\u00a0<\/strong><\/p>\n<h4>Zwecke der Datenverarbeitung durch die verantwortliche Stelle und Dritte<\/h4>\n<p>Wir verarbeiten Ihre personenbezogenen Daten nur zu den in dieser Datenschutzerkl\u00e4rung genannten Zwecken. Eine \u00dcbermittlung Ihrer pers\u00f6nlichen Daten an Dritte zu anderen als den genannten Zwecken findet nicht statt. Wir geben Ihre pers\u00f6nlichen Daten nur an Dritte weiter, wenn:<\/p>\n<ul>\n<li>Sie Ihre ausdr\u00fcckliche Einwilligung dazu erteilt haben,<\/li>\n<li>die Verarbeitung zur Abwicklung eines Vertrags mit Ihnen erforderlich ist,<\/li>\n<li>die Verarbeitung zur Erf\u00fcllung einer rechtlichen Verpflichtung erforderlich ist,<\/li>\n<li>die Verarbeitung zur Wahrung berechtigter Interessen erforderlich ist und kein Grund zur Annahme besteht, dass Sie ein \u00fcberwiegendes schutzw\u00fcrdiges Interesse an der Nichtweitergabe Ihrer Daten haben.<\/li>\n<\/ul>\n<p><strong>\u00a0<\/strong><\/p>\n<h4>L\u00f6schung bzw. Sperrung der Daten<\/h4>\n<p>Wir halten uns an die Grunds\u00e4tze der Datenvermeidung und Datensparsamkeit. Wir speichern Ihre personenbezogenen Daten daher nur so lange, wie dies zur Erreichung der hier genannten Zwecke erforderlich ist oder wie es die vom Gesetzgeber vorgesehenen vielf\u00e4ltigen Speicherfristen vorsehen. Nach Fortfall des jeweiligen Zweckes bzw. Ablauf dieser Fristen werden die entsprechenden Daten routinem\u00e4\u00dfig und entsprechend den gesetzlichen Vorschriften gesperrt oder gel\u00f6scht.<\/p>\n<p><strong>\u00a0<\/strong><\/p>\n<h4>Erfassung allgemeiner Informationen beim Besuch unserer Website<\/h4>\n<p>Wenn Sie auf unsere Website zugreifen, werden automatisch mittels eines Cookies Informationen allgemeiner Natur erfasst. Diese Informationen (Server-Logfiles) beinhalten etwa die Art des Webbrowsers, das verwendete Betriebssystem, den Domainnamen Ihres Internet-Service-Providers und \u00e4hnliches. Hierbei handelt es sich ausschlie\u00dflich um Informationen, welche keine R\u00fcckschl\u00fcsse auf Ihre Person zulassen.<\/p>\n<p>Diese Informationen sind technisch notwendig, um von Ihnen angeforderte Inhalte von Webseiten korrekt auszuliefern und fallen bei Nutzung des Internets zwingend an. Sie werden insbesondere zu folgenden Zwecken verarbeitet:<\/p>\n<ul>\n<li>Sicherstellung eines problemlosen Verbindungsaufbaus der Website,<\/li>\n<li>Sicherstellung einer reibungslosen Nutzung unserer Website,<\/li>\n<li>Auswertung der Systemsicherheit und -stabilit\u00e4t sowie<\/li>\n<li>zu weiteren administrativen Zwecken.<\/li>\n<\/ul>\n<p>Die Verarbeitung Ihrer personenbezogenen Daten basiert auf unserem berechtigten Interesse aus den vorgenannten Zwecken zur Datenerhebung. Wir verwenden Ihre Daten nicht, um R\u00fcckschl\u00fcsse auf Ihre Person zu ziehen. Empf\u00e4nger der Daten sind nur die verantwortliche Stelle und ggf. Auftragsverarbeiter.<\/p>\n<p>Anonyme Informationen dieser Art werden von uns ggfs. statistisch ausgewertet, um unseren Internetauftritt und die dahinterstehende Technik zu optimieren.<\/p>\n<p><strong>\u00a0<\/strong><\/p>\n<h4>Registrierung auf unserer Webseite<\/h4>\n<p>Bei der Registrierung f\u00fcr die Nutzung unserer personalisierten Leistungen werden einige personenbezogene Daten erhoben, wie Name, Anschrift, Kontakt- und Kommunikationsdaten wie Telefonnummer und E-Mail-Adresse. Sind Sie bei uns registriert, k\u00f6nnen Sie auf Inhalte und Leistungen zugreifen, die wir nur registrierten Nutzern anbieten. Angemeldete Nutzer haben zudem die M\u00f6glichkeit, bei Bedarf die bei Registrierung angegebenen Daten jederzeit zu \u00e4ndern oder zu l\u00f6schen. Selbstverst\u00e4ndlich erteilen wir Ihnen dar\u00fcber hinaus jederzeit Auskunft \u00fcber die von uns \u00fcber Sie gespeicherten personenbezogenen Daten. Gerne berichtigen bzw. l\u00f6schen wir diese auch auf Ihren Wunsch, soweit keine gesetzlichen Aufbewahrungspflichten entgegenstehen. Zur Kontaktaufnahme in diesem Zusammenhang nutzen Sie bitte die am Ende dieser Datenschutzerkl\u00e4rung angegebenen Kontaktdaten.<\/p>\n<p><strong>\u00a0<\/strong><\/p>\n<h4>SSL-Verschl\u00fcsselung<\/h4>\n<p>Um die Sicherheit Ihrer Daten bei der \u00dcbertragung zu sch\u00fctzen, verwenden wir dem aktuellen Stand der Technik entsprechende Verschl\u00fcsselungsverfahren (z.B. SSL) \u00fcber HTTPS.<\/p>\n<p><strong>\u00a0<\/strong><\/p>\n<h4>Newsletter<\/h4>\n<p>Auf Grundlage Ihrer ausdr\u00fccklich erteilten Einwilligung, \u00fcbersenden wir Ihnen regelm\u00e4\u00dfig unseren Newsletter bzw. vergleichbare Informationen per E-Mail an Ihre angegebene E-Mail-Adresse.<\/p>\n<p>Unsere Newsletter enthalten Informationen \u00fcber unsere Vereinsarbeit, den Stand unserer Projekte, unsere Aktionen, Events und Publikationen. Insbesondere k\u00f6nnen Hinweise auf Blogbeitr\u00e4ge, Vortr\u00e4ge oder Workshops, unsere Leistungen oder Onlineauftritte geh\u00f6ren. Der Newsletter wird maximal einmal im Monat, zumindest aber quartalsweise versandt.<\/p>\n<p>F\u00fcr den Empfang des Newsletters ist die Angabe Ihrer E-Mail-Adresse ausreichend. Bei der Anmeldung zum Bezug unseres Newsletters werden die von Ihnen angegebenen Daten ausschlie\u00dflich f\u00fcr diesen Zweck verwendet. Abonnenten k\u00f6nnen auch \u00fcber Umst\u00e4nde per E-Mail informiert werden, die f\u00fcr den Dienst oder die Registrierung relevant sind (Beispielsweise \u00c4nderungen des Newsletterangebots oder technische Gegebenheiten).<\/p>\n<p>F\u00fcr eine wirksame Registrierung ben\u00f6tigen wir eine valide E-Mail-Adresse. Um zu \u00fcberpr\u00fcfen, dass eine Anmeldung tats\u00e4chlich durch den Inhaber einer E-Mail-Adresse erfolgt, setzen wir das \u201eDouble-opt-in\u201c-Verfahren ein. Hierzu protokollieren wir die Bestellung des Newsletters, den Versand einer Best\u00e4tigungsmail und den Eingang der hiermit angeforderten Antwort. Weitere Daten werden nicht erhoben. Die Daten werden ausschlie\u00dflich f\u00fcr den Newsletterversand verwendet und nicht an Dritte weitergegeben.<\/p>\n<p>Die Einwilligung zur Speicherung Ihrer pers\u00f6nlichen Daten und ihrer Nutzung f\u00fcr den Newsletterversand k\u00f6nnen Sie jederzeit widerrufen. Damit erl\u00f6schen gleichzeitig Ihre Einwilligungen in dessen Versand via MailChimp und die statistischen Analysen. Ein getrennter Widerruf des Versandes via MailChimp oder der statistischen Auswertung ist leider nicht m\u00f6glich.<\/p>\n<p>In jedem Newsletter findet sich dazu ein entsprechender Link. Au\u00dferdem k\u00f6nnen Sie sich jederzeit auch direkt auf dieser Webseite abmelden oder uns Ihren entsprechenden Wunsch \u00fcber die am Ende dieser Datenschutzhinweise angegebene Kontaktm\u00f6glichkeit mitteilen.<\/p>\n<p>&nbsp;<\/p>\n<h4>Einsatz des Versanddienstleisters \u201eMailChimp\u201c<\/h4>\n<p>Der Versand der Newsletter erfolgt mittels \u201eMailChimp\u201c, einer Newsletterversandplattform des US-Anbieters Rocket Science Group, LLC, 675 Ponce De Leon Ave NE #5000, Atlanta, GA 30308, USA.<\/p>\n<p>Die E-Mail-Adressen unserer Newsletterempf\u00e4nger, als auch deren weitere, im Rahmen dieser Hinweise beschriebenen Daten, werden auf den Servern von MailChimp in den USA gespeichert. MailChimp verwendet diese Informationen zum Versand und zur Auswertung der Newsletter in unserem Auftrag. Des Weiteren kann MailChimp nach eigenen Informationen diese Daten zur Optimierung oder Verbesserung der eigenen Services nutzen, z.B. zur technischen Optimierung des Versandes und der Darstellung der Newsletter oder f\u00fcr wirtschaftliche Zwecke, um zu bestimmen aus welchen L\u00e4ndern die Empf\u00e4nger kommen. MailChimp nutzt die Daten unserer Newsletterempf\u00e4nger jedoch nicht, um diese selbst anzuschreiben oder an Dritte weiterzugeben.<\/p>\n<p>Wir vertrauen auf die Zuverl\u00e4ssigkeit und die IT- sowie Datensicherheit von MailChimp. MailChimp ist unter dem US-EU-Datenschutzabkommen \u201ePrivacy Shield\u201c zertifiziert und verpflichtet sich damit die EU-Datenschutzvorgaben einzuhalten. Des Weiteren haben wir mit MailChimp ein \u201eData-Processing-Agreement\u201c abgeschlossen. Dabei handelt es sich um einen Vertrag, in dem sich MailChimp dazu verpflichtet, die Daten unserer Nutzer zu sch\u00fctzen, entsprechend dessen Datenschutzbestimmungen in unserem Auftrag zu verarbeiten und insbesondere nicht an Dritte weiter zu geben. Die Datenschutzbestimmungen von MailChimp k\u00f6nnen Sie\u00a0hier einsehen.<\/p>\n<p>&nbsp;<\/p>\n<h4>Statistische Erhebung und Analysen des Newsletters<\/h4>\n<p>Die Newsletter enthalten einen sog. \u201eweb-beacon\u201c, d.h. eine pixelgro\u00dfe Datei, die beim \u00d6ffnen des Newsletters von dem Server von MailChimp abgerufen wird. Im Rahmen dieses Abrufs werden zun\u00e4chst technische Informationen, wie Informationen zum Browser und Ihrem System, als auch Ihre IP-Adresse und Zeitpunkt des Abrufs erhoben. Diese Informationen werden zur technischen Verbesserung der Services anhand der technischen Daten oder der Zielgruppen und ihres Leseverhaltens anhand derer Abruforte (die mit Hilfe der IP-Adresse bestimmbar sind) oder der Zugriffszeiten genutzt.<\/p>\n<p>Zu den statistischen Erhebungen geh\u00f6rt ebenfalls die Feststellung, ob die Newsletter ge\u00f6ffnet werden, wann sie ge\u00f6ffnet werden und welche Links geklickt werden. Diese Informationen k\u00f6nnen aus technischen Gr\u00fcnden zwar den einzelnen Newsletterempf\u00e4ngern zugeordnet werden. Es ist jedoch weder unser Bestreben, noch das von MailChimp, einzelne Nutzer zu beobachten. Die Auswertungen dienen uns viel mehr dazu, die Lesegewohnheiten unserer Nutzer zu erkennen und unsere Inhalte auf sie anzupassen oder unterschiedliche Inhalte entsprechend den Interessen unserer Nutzer zu versenden.<\/p>\n<p>&nbsp;<\/p>\n<h4>Online-Aufruf und Datenmanagement<\/h4>\n<p>Es gibt F\u00e4lle, in denen wir die Newsletterempf\u00e4nger auf die Webseiten von MailChimp leiten. Z.B. enthalten unsere Newsletter einen Link, mit dem die Newsletterempf\u00e4nger die Newsletter online abrufen k\u00f6nnen (z.B. bei Darstellungsproblemen im E-Mailprogramm). Ferner k\u00f6nnen Newsletterempf\u00e4nger ihre Daten, wie z.B. die E-Mailadresse nachtr\u00e4glich korrigieren. Ebenso ist die<a href=\"http:\/\/mailchimp.com\/legal\/privacy\/\">\u00a0Datenschutzerkl\u00e4rung<\/a>\u00a0von MailChimp nur auf deren Seite abrufbar.<\/p>\n<p>In diesem Zusammenhang wiesen wir darauf hin, dass auf den Webseiten von MailChimp Cookies eingesetzt und damit personenbezogene Daten durch MailChimp, deren Partnern und eingesetzten Dienstleistern (z.B. Google Analytics) verarbeitet werden. Auf diese Datenerhebung haben wir keinen Einfluss. Weitere Informationen k\u00f6nnen Sie der\u00a0<a href=\"http:\/\/mailchimp.com\/legal\/privacy\/\">Datenschutzerkl\u00e4rung<\/a>\u00a0von MailChimp entnehmen. Wir weisen Sie zus\u00e4tzlich auf die Widerspruchsm\u00f6glichkeiten in die Datenerhebung zu Werbezwecken auf den Webseiten\u00a0<a href=\"http:\/\/www.aboutads.info\/choices\/\">http:\/\/www.aboutads.info\/choices\/<\/a>\u00a0und <a href=\"http:\/\/www.youronlinechoices.com\/uk\/your-ad-choices\/\">http:\/\/www.youronlinechoices.com\/<\/a>\u00a0(f\u00fcr den Europ\u00e4ischen Raum) hin.<\/p>\n<p>&nbsp;<\/p>\n<h4>Verwendung von Google Maps<\/h4>\n<p>Diese Webseite verwendet Google Maps API, um geographische Informationen visuell darzustellen. Bei der Nutzung von Google Maps werden von Google auch Daten \u00fcber die Nutzung der Kartenfunktionen durch Besucher erhoben, verarbeitet und genutzt. N\u00e4here Informationen \u00fcber die Datenverarbeitung durch Google k\u00f6nnen Sie\u00a0den Google-Datenschutzhinweisen\u00a0entnehmen. Dort k\u00f6nnen Sie im Datenschutzcenter auch Ihre pers\u00f6nlichen Datenschutz-Einstellungen ver\u00e4ndern.<\/p>\n<p>Ausf\u00fchrliche Anleitungen zur Verwaltung der eigenen Daten im Zusammenhang mit Google-Produkten\u00a0finden Sie hier.<\/p>\n<p><strong>\u00a0<\/strong><\/p>\n<h4>Eingebettete YouTube-Videos<\/h4>\n<p>Auf einigen unserer Webseiten betten wir Youtube-Videos ein. Betreiber der entsprechenden Plugins ist die YouTube, LLC, 901 Cherry Ave., San Bruno, CA 94066, USA. Wenn Sie eine Seite mit dem YouTube-Plugin besuchen, wird eine Verbindung zu Servern von Youtube hergestellt. Dabei wird Youtube mitgeteilt, welche Seiten Sie besuchen. Wenn Sie in Ihrem Youtube-Account eingeloggt sind, kann Youtube Ihr Surfverhalten Ihnen pers\u00f6nlich zuzuordnen. Dies verhindern Sie, indem Sie sich vorher aus Ihrem Youtube-Account ausloggen.<\/p>\n<p>Wird ein Youtube-Video gestartet, setzt der Anbieter Cookies ein, die Hinweise \u00fcber das Nutzerverhalten sammeln.<\/p>\n<p>Wer das Speichern von Cookies f\u00fcr das Google-Ad-Programm deaktiviert hat, wird auch beim Anschauen von Youtube-Videos mit keinen solchen Cookies rechnen m\u00fcssen. Youtube legt aber auch in anderen Cookies nicht-personenbezogene Nutzungsinformationen ab. M\u00f6chten Sie dies verhindern, so m\u00fcssen Sie das Speichern von Cookies im Browser blockieren.<\/p>\n<p>Weitere Informationen zum Datenschutz bei \u201eYoutube\u201c finden Sie in der Datenschutzerkl\u00e4rung des Anbieters unter:\u00a0<a href=\"https:\/\/www.google.de\/intl\/de\/policies\/privacy\/\" target=\"_blank\" rel=\"noopener\">https:\/\/www.google.de\/intl\/de\/policies\/privacy\/<\/a><\/p>\n<p><strong>\u00a0<\/strong><\/p>\n<h4>\u00c4nderung unserer Datenschutzbestimmungen<\/h4>\n<p>Wir behalten uns vor, diese Datenschutzerkl\u00e4rung anzupassen, damit sie stets den aktuellen rechtlichen Anforderungen entspricht oder um \u00c4nderungen unserer Leistungen in der Datenschutzerkl\u00e4rung umzusetzen, z.B. bei der Einf\u00fchrung neuer Services. F\u00fcr Ihren erneuten Besuch gilt dann die neue Datenschutzerkl\u00e4rung.<\/p>\n<p><strong>\u00a0<\/strong><\/p>\n<h4>Rechtsgrundlagen Datenschutzgrundverordnung<\/h4>\n<p>Entsprechend den Vorgaben der ab dem 25. Mai 2018 geltenden Datenschutzgrundverordnung (DSGVO) informieren wir Sie, dass die Einwilligungen in den Versand der E-Mailadressen auf Grundlage der Art.<a href=\"https:\/\/dejure.org\/gesetze\/DSGVO\/6.html\">\u00a06<\/a>\u00a0Abs. 1 lit. a,<a href=\"https:\/\/dejure.org\/gesetze\/DSGVO\/7.html\">\u00a07<\/a>\u00a0DSGVO sowie \u00a7<a href=\"https:\/\/dejure.org\/gesetze\/UWG\/7.html\">\u00a07<\/a>\u00a0Abs. 2 Nr. 3, bzw. Abs. 3 UWG erfolgt. Der Einsatz des Versanddienstleisters MailChimp, Durchf\u00fchrung der statistischen Erhebungen und Analysen sowie Protokollierung des Anmeldeverfahrens, erfolgen auf Grundlage unserer berechtigten Interessen gem. Art.<a href=\"https:\/\/dejure.org\/gesetze\/DSGVO\/6.html\">\u00a06<\/a>\u00a0Abs. 1 lit. f DSGVO. Unser Interesse richtet sich auf den Einsatz eines nutzerfreundlichen sowie sicheren Newslettersystems, das sowohl unseren gesch\u00e4ftlichen Interessen dient, als auch den Erwartungen der Nutzer entspricht.<\/p>\n<p>Wir weisen Sie ferner darauf hin, dass Sie der k\u00fcnftigen Verarbeitung Ihrer personenbezogenen Daten entsprechend den gesetzlichen Vorgaben gem. Art.<a href=\"https:\/\/dejure.org\/gesetze\/DSGVO\/21.html\">21<\/a>\u00a0DSGVO jederzeit widersprechen k\u00f6nnen. Der Widerspruch kann insbesondere gegen die Verarbeitung f\u00fcr Zwecke der Direktwerbung erfolgen.<\/p>\n<p><strong>\u00a0<\/strong><\/p>\n<h2>Fragen<\/h2>\n<p>Wenn Sie Fragen zum Datenschutz haben, schreiben Sie uns bitte eine E-Mail: <a href=\"mailto:info@visions4children.org\">info@visions4children.org<\/a><\/p>\n<p>&nbsp;<\/p>\n<p><em>Die Datenschutzerkl\u00e4rung wurde mit dem\u00a0<\/em><em><a href=\"https:\/\/www.activemind.de\/datenschutz\/datenschutzhinweis-generator\/\" target=\"_blank\" rel=\"noopener\">Datenschutzerkl\u00e4rungs-Generator der activeMind AG<\/a> erstellt<\/em><em> und auf die Bed\u00fcrfnisse von Visions for Children e.A. angepasst.<\/em><\/p>","protected":false},"excerpt":{"rendered":"<p>Verantwortliche Stelle im Sinne der Datenschutzgesetze, insbesondere der EU-Datenschutzgrundverordnung (DSGVO), ist: Visions for Children e.V. \u2013 Vorstand, info@visions4children.org &nbsp; Ihre Betroffenenrechte Unter den angegebenen Kontaktdaten k\u00f6nnen Sie jederzeit folgende Rechte aus\u00fcben: Auskunft \u00fcber Ihre bei uns gespeicherten Daten und deren Verarbeitung, Berichtigung unrichtiger personenbezogener Daten, L\u00f6schung Ihrer bei uns gespeicherten Daten, Einschr\u00e4nkung der Datenverarbeitung, sofern [&hellip;]<\/p>","protected":false},"author":1,"featured_media":0,"parent":0,"menu_order":0,"comment_status":"closed","ping_status":"open","template":"","meta":[],"acf":[],"_links":{"self":[{"href":"https:\/\/shop.visions4children.org\/en\/wp-json\/wp\/v2\/pages\/3"}],"collection":[{"href":"https:\/\/shop.visions4children.org\/en\/wp-json\/wp\/v2\/pages"}],"about":[{"href":"https:\/\/shop.visions4children.org\/en\/wp-json\/wp\/v2\/types\/page"}],"author":[{"embeddable":true,"href":"https:\/\/shop.visions4children.org\/en\/wp-json\/wp\/v2\/users\/1"}],"replies":[{"embeddable":true,"href":"https:\/\/shop.visions4children.org\/en\/wp-json\/wp\/v2\/comments?post=3"}],"version-history":[{"count":1,"href":"https:\/\/shop.visions4children.org\/en\/wp-json\/wp\/v2\/pages\/3\/revisions"}],"predecessor-version":[{"id":77,"href":"https:\/\/shop.visions4children.org\/en\/wp-json\/wp\/v2\/pages\/3\/revisions\/77"}],"wp:attachment":[{"href":"https:\/\/shop.visions4children.org\/en\/wp-json\/wp\/v2\/media?parent=3"}],"curies":[{"name":"wp","href":"https:\/\/api.w.org\/{rel}","templated":true}]}}