{"id":5344,"date":"2022-03-28T17:33:56","date_gmt":"2022-03-28T15:33:56","guid":{"rendered":"https:\/\/shop.visions4children.org\/?page_id=5344"},"modified":"2024-03-08T12:46:57","modified_gmt":"2024-03-08T11:46:57","slug":"willkommen-im-spendenshop","status":"publish","type":"page","link":"https:\/\/shop.visions4children.org\/en\/","title":{"rendered":"Willkommen im Spendenshop!"},"content":{"rendered":"<div data-elementor-type=\"wp-page\" data-elementor-id=\"5344\" class=\"elementor elementor-5344\">\n\t\t\t\t\t\t\t\t\t<section class=\"elementor-section elementor-top-section elementor-element elementor-element-d18244d elementor-section-stretched elementor-section-full_width elementor-section-height-default elementor-section-height-default\" data-id=\"d18244d\" data-element_type=\"section\" data-settings=\"{&quot;stretch_section&quot;:&quot;section-stretched&quot;}\">\n\t\t\t\t\t\t<div class=\"elementor-container elementor-column-gap-default\">\n\t\t\t\t\t<div class=\"elementor-column elementor-col-100 elementor-top-column elementor-element elementor-element-a55ab4a\" data-id=\"a55ab4a\" data-element_type=\"column\">\n\t\t\t<div class=\"elementor-widget-wrap elementor-element-populated\">\n\t\t\t\t\t\t\t\t<div class=\"elementor-element elementor-element-dfe1134 elementor-widget elementor-widget-html\" data-id=\"dfe1134\" data-element_type=\"widget\" data-widget_type=\"html.default\">\n\t\t\t\t<div class=\"elementor-widget-container\">\n\t\t\t<div class=\"bx-shop-intro\">\n    <div class=\"bx-col\">\n        <h1>WILLKOMMEN IM SPENDENSHOP!<\/h1>\n    <\/div>\n    <div class=\"bx-col\">\n        <p>Was kann deine Spende erm\u00f6glichen? In unserem Spendenshop erf\u00e4hrst du es. Unsere Produkte stehen symbolisch f\u00fcr das, was deine Spende vor Ort bewirken kann. Starte deinen \u201eEinkauf\u201c und spende den Betrag. Dieser flie\u00dft nach Dringlichkeit in die Ma\u00dfnahmen unserer Schulbauprojekte. Am Ende erh\u00e4ltst du eine Spendenurkunde, die du f\u00fcr dich oder als Geschenk f\u00fcr andere personalisieren kannst. Steht dein gew\u00fcnschter Betrag in unserem Shop nicht zur Verf\u00fcgung, kannst du gerne au\u00dferhalb des Spendenshops \u00fcber unsere allgemeine Spendenseite spenden. In beiden F\u00e4llen bleibt die Spende von der Steuer absetzbar.<\/p>\n    <\/div>\n<\/div>\t\t<\/div>\n\t\t\t\t<\/div>\n\t\t\t\t\t<\/div>\n\t\t<\/div>\n\t\t\t\t\t\t\t<\/div>\n\t\t<\/section>\n\t\t\t\t<section class=\"elementor-section elementor-top-section elementor-element elementor-element-5b53206 elementor-section-boxed elementor-section-height-default elementor-section-height-default\" data-id=\"5b53206\" data-element_type=\"section\">\n\t\t\t\t\t\t<div class=\"elementor-container elementor-column-gap-default\">\n\t\t\t\t\t<div class=\"elementor-column elementor-col-100 elementor-top-column elementor-element elementor-element-5970218\" data-id=\"5970218\" data-element_type=\"column\">\n\t\t\t<div class=\"elementor-widget-wrap elementor-element-populated\">\n\t\t\t\t\t\t\t\t<div class=\"elementor-element elementor-element-2b6c29b elementor-grid-3 elementor-grid-mobile-1 elementor-grid-tablet-3 elementor-products-grid elementor-wc-products elementor-widget elementor-widget-woocommerce-products\" data-id=\"2b6c29b\" data-element_type=\"widget\" data-widget_type=\"woocommerce-products.default\">\n\t\t\t\t<div class=\"elementor-widget-container\">\n\t\t\t<link rel=\"stylesheet\" href=\"https:\/\/shop.visions4children.org\/wp-content\/plugins\/elementor-pro\/assets\/css\/widget-woocommerce.min.css\"><div class=\"woocommerce columns-3\"><ul class=\"products elementor-grid columns-3\">\n<li class=\"product type-product post-6025 status-publish first instock product_cat-unkategorisiert has-post-thumbnail shipping-taxable purchasable product-type-simple\">\n\t<div class=\"loop-product-border\">\n\t\t<a href=\"https:\/\/shop.visions4children.org\/en\/product\/muttertags-aktion-2026-komplettpaket\/\">\n\n\t\t\t<div class=\"bx-product-loop-image-container\">\n\t\t\t\t\n\t\t\t\t\t\t\t\t\t\t\t\t<div class=\"bx-hover-container\">\n\t\t\t\t\t<h3>\n\t\t\t\t\t\tZum Muttertag: Statt Blumen Hoffnung schenken\t\t\t\t\t<\/h3>\n\n\t\t\t\t\t<div class=\"bx-description\">\n\t\t\t\t\t\tMit deiner Spende unterst\u00fctzt du eine Mutter in Afghanistan eine eigene Einkommensm\u00f6glichkeit aufzubauen \u2013 durch Arbeitsmaterialien, Schulungen und Beratung.\u00a0\t\t\t\t\t<\/div>\n\t\t\t\t<\/div>\n\t\t\t\t\n\t\t\t<\/div>\n\n\t\t\t<div class=\"loop-product-bottom\">\n\t\t\t\t<div class=\"bx-title\">\n\t\t\t\t\tMUTTERTAGS-AKTION: Komplettpaket zum Aufbau von Einkommen\t\t\t\t<\/div>\n\t\t\t\t<div class=\"bx-price-row\">\n\t\t\t\t\t<div class=\"bx-price\">\n\t\t\t\t\t\t<span class=\"woocommerce-Price-amount amount\"><bdi>100,00&nbsp;<span class=\"woocommerce-Price-currencySymbol\">&euro;<\/span><\/bdi><\/span>\t\t\t\t\t<\/div>\n\t\t\t\t\t<div class=\"bx-button\">Zum Artikel<\/div>\n\t\t\t\t<\/div>\n\t\t\t<\/div>\n\n\t\t<\/a>\n\t<\/div>\n<\/li><li class=\"product type-product post-6020 status-publish instock product_cat-unkategorisiert has-post-thumbnail shipping-taxable purchasable product-type-simple\">\n\t<div class=\"loop-product-border\">\n\t\t<a href=\"https:\/\/shop.visions4children.org\/en\/product\/muttertags-aktion-2026-starterset\/\">\n\n\t\t\t<div class=\"bx-product-loop-image-container\">\n\t\t\t\t\n\t\t\t\t\t\t\t\t\t\t\t\t<div class=\"bx-hover-container\">\n\t\t\t\t\t<h3>\n\t\t\t\t\t\tZum Muttertag: Statt Blumen Hoffnung schenken\t\t\t\t\t<\/h3>\n\n\t\t\t\t\t<div class=\"bx-description\">\n\t\t\t\t\t\tMit deiner Spende unterst\u00fctzt du eine Mutter in Afghanistan mit materieller Ausstattung f\u00fcr den Aufbau einer eigenen Einkommensm\u00f6glichkeit.\u00a0\t\t\t\t\t<\/div>\n\t\t\t\t<\/div>\n\t\t\t\t\n\t\t\t<\/div>\n\n\t\t\t<div class=\"loop-product-bottom\">\n\t\t\t\t<div class=\"bx-title\">\n\t\t\t\t\tMUTTERTAGS-AKTION: Starterset zum Aufbau von Einkommen\t\t\t\t<\/div>\n\t\t\t\t<div class=\"bx-price-row\">\n\t\t\t\t\t<div class=\"bx-price\">\n\t\t\t\t\t\t<span class=\"woocommerce-Price-amount amount\"><bdi>50,00&nbsp;<span class=\"woocommerce-Price-currencySymbol\">&euro;<\/span><\/bdi><\/span>\t\t\t\t\t<\/div>\n\t\t\t\t\t<div class=\"bx-button\">Zum Artikel<\/div>\n\t\t\t\t<\/div>\n\t\t\t<\/div>\n\n\t\t<\/a>\n\t<\/div>\n<\/li><li class=\"product type-product post-4765 status-publish last instock product_cat-schulmaterial product_cat-unkategorisiert has-post-thumbnail shipping-taxable purchasable product-type-variable\">\n\t<div class=\"loop-product-border\">\n\t\t<a href=\"https:\/\/shop.visions4children.org\/en\/product\/schulstarterset\/\">\n\n\t\t\t<div class=\"bx-product-loop-image-container\">\n\t\t\t\t\n\t\t\t\t\t\t\t\t\t\t\t\t<div class=\"bx-hover-container\">\n\t\t\t\t\t<h3>\n\t\t\t\t\t\tAusmalbild zum Schulstart als Geschenk\t\t\t\t\t<\/h3>\n\n\t\t\t\t\t<div class=\"bx-description\">\n\t\t\t\t\t\tZugabe f\u00fcr die Schult\u00fcte - such Dir Dein liebstes Motiv aus Afghanistan oder Uganda mit Deiner Spende aus!\t\t\t\t\t<\/div>\n\t\t\t\t<\/div>\n\t\t\t\t\n\t\t\t<\/div>\n\n\t\t\t<div class=\"loop-product-bottom\">\n\t\t\t\t<div class=\"bx-title\">\n\t\t\t\t\tSchulstarterset\t\t\t\t<\/div>\n\t\t\t\t<div class=\"bx-price-row\">\n\t\t\t\t\t<div class=\"bx-price\">\n\t\t\t\t\t\t<span class=\"woocommerce-Price-amount amount\"><bdi>24,00&nbsp;<span class=\"woocommerce-Price-currencySymbol\">&euro;<\/span><\/bdi><\/span>\t\t\t\t\t<\/div>\n\t\t\t\t\t<div class=\"bx-button\">Zum Artikel<\/div>\n\t\t\t\t<\/div>\n\t\t\t<\/div>\n\n\t\t<\/a>\n\t<\/div>\n<\/li><li class=\"product type-product post-5103 status-publish first instock product_cat-unkategorisiert has-post-thumbnail shipping-taxable purchasable product-type-simple\">\n\t<div class=\"loop-product-border\">\n\t\t<a href=\"https:\/\/shop.visions4children.org\/en\/product\/foerdermitgliedschaft-1\/\">\n\n\t\t\t<div class=\"bx-product-loop-image-container\">\n\t\t\t\t\n\t\t\t\t\t\t\t\t\n\t\t\t<\/div>\n\n\t\t\t<div class=\"loop-product-bottom\">\n\t\t\t\t<div class=\"bx-title\">\n\t\t\t\t\tF\u00d6RDERMITGLIEDSCHAFT F\u00dcR EIN JAHR - 10 \u20ac\/MONAT\t\t\t\t<\/div>\n\t\t\t\t<div class=\"bx-price-row\">\n\t\t\t\t\t<div class=\"bx-price\">\n\t\t\t\t\t\t<span class=\"woocommerce-Price-amount amount\"><bdi>120,00&nbsp;<span class=\"woocommerce-Price-currencySymbol\">&euro;<\/span><\/bdi><\/span>\t\t\t\t\t<\/div>\n\t\t\t\t\t<div class=\"bx-button\">Zum Artikel<\/div>\n\t\t\t\t<\/div>\n\t\t\t<\/div>\n\n\t\t<\/a>\n\t<\/div>\n<\/li><li class=\"product type-product post-5100 status-publish instock product_cat-unkategorisiert has-post-thumbnail shipping-taxable purchasable product-type-simple\">\n\t<div class=\"loop-product-border\">\n\t\t<a href=\"https:\/\/shop.visions4children.org\/en\/product\/foerdermitgliedschaft-2\/\">\n\n\t\t\t<div class=\"bx-product-loop-image-container\">\n\t\t\t\t\n\t\t\t\t\t\t\t\t\n\t\t\t<\/div>\n\n\t\t\t<div class=\"loop-product-bottom\">\n\t\t\t\t<div class=\"bx-title\">\n\t\t\t\t\tF\u00d6RDERMITGLIEDSCHAFT F\u00dcR EIN JAHR - 8 \u20ac\/MONAT\t\t\t\t<\/div>\n\t\t\t\t<div class=\"bx-price-row\">\n\t\t\t\t\t<div class=\"bx-price\">\n\t\t\t\t\t\t<span class=\"woocommerce-Price-amount amount\"><bdi>96,00&nbsp;<span class=\"woocommerce-Price-currencySymbol\">&euro;<\/span><\/bdi><\/span>\t\t\t\t\t<\/div>\n\t\t\t\t\t<div class=\"bx-button\">Zum Artikel<\/div>\n\t\t\t\t<\/div>\n\t\t\t<\/div>\n\n\t\t<\/a>\n\t<\/div>\n<\/li><li class=\"product type-product post-4787 status-publish last instock product_cat-unkategorisiert has-post-thumbnail shipping-taxable purchasable product-type-simple\">\n\t<div class=\"loop-product-border\">\n\t\t<a href=\"https:\/\/shop.visions4children.org\/en\/product\/monatsgehalt-lehrkraft\/\">\n\n\t\t\t<div class=\"bx-product-loop-image-container\">\n\t\t\t\t\n\t\t\t\t\t\t\t\t\n\t\t\t<\/div>\n\n\t\t\t<div class=\"loop-product-bottom\">\n\t\t\t\t<div class=\"bx-title\">\n\t\t\t\t\tMONATSGEHALT LEHRKRAFT\t\t\t\t<\/div>\n\t\t\t\t<div class=\"bx-price-row\">\n\t\t\t\t\t<div class=\"bx-price\">\n\t\t\t\t\t\t<span class=\"woocommerce-Price-amount amount\"><bdi>84,00&nbsp;<span class=\"woocommerce-Price-currencySymbol\">&euro;<\/span><\/bdi><\/span>\t\t\t\t\t<\/div>\n\t\t\t\t\t<div class=\"bx-button\">Zum Artikel<\/div>\n\t\t\t\t<\/div>\n\t\t\t<\/div>\n\n\t\t<\/a>\n\t<\/div>\n<\/li><li class=\"product type-product post-2541 status-publish first instock product_cat-unkategorisiert has-post-thumbnail shipping-taxable purchasable product-type-simple\">\n\t<div class=\"loop-product-border\">\n\t\t<a href=\"https:\/\/shop.visions4children.org\/en\/product\/handwaschanlage-hygiene-workshop\/\">\n\n\t\t\t<div class=\"bx-product-loop-image-container\">\n\t\t\t\t\n\t\t\t\t\t\t\t\t\n\t\t\t<\/div>\n\n\t\t\t<div class=\"loop-product-bottom\">\n\t\t\t\t<div class=\"bx-title\">\n\t\t\t\t\tHandwaschanlage &amp; Hygiene-Workshop\t\t\t\t<\/div>\n\t\t\t\t<div class=\"bx-price-row\">\n\t\t\t\t\t<div class=\"bx-price\">\n\t\t\t\t\t\t<span class=\"woocommerce-Price-amount amount\"><bdi>3.555,00&nbsp;<span class=\"woocommerce-Price-currencySymbol\">&euro;<\/span><\/bdi><\/span>\t\t\t\t\t<\/div>\n\t\t\t\t\t<div class=\"bx-button\">Zum Artikel<\/div>\n\t\t\t\t<\/div>\n\t\t\t<\/div>\n\n\t\t<\/a>\n\t<\/div>\n<\/li><li class=\"product type-product post-2538 status-publish instock product_cat-inventar product_cat-unkategorisiert has-post-thumbnail shipping-taxable purchasable product-type-simple\">\n\t<div class=\"loop-product-border\">\n\t\t<a href=\"https:\/\/shop.visions4children.org\/en\/product\/labortisch-workshop-naturwissenschaften\/\">\n\n\t\t\t<div class=\"bx-product-loop-image-container\">\n\t\t\t\t\n\t\t\t\t\t\t\t\t\n\t\t\t<\/div>\n\n\t\t\t<div class=\"loop-product-bottom\">\n\t\t\t\t<div class=\"bx-title\">\n\t\t\t\t\tKit & Workshop Naturwissenschaften\t\t\t\t<\/div>\n\t\t\t\t<div class=\"bx-price-row\">\n\t\t\t\t\t<div class=\"bx-price\">\n\t\t\t\t\t\t<span class=\"woocommerce-Price-amount amount\"><bdi>363,00&nbsp;<span class=\"woocommerce-Price-currencySymbol\">&euro;<\/span><\/bdi><\/span>\t\t\t\t\t<\/div>\n\t\t\t\t\t<div class=\"bx-button\">Zum Artikel<\/div>\n\t\t\t\t<\/div>\n\t\t\t<\/div>\n\n\t\t<\/a>\n\t<\/div>\n<\/li><li class=\"product type-product post-2464 status-publish last instock product_cat-inventar product_cat-unkategorisiert has-post-thumbnail virtual purchasable product-type-simple\">\n\t<div class=\"loop-product-border\">\n\t\t<a href=\"https:\/\/shop.visions4children.org\/en\/product\/tisch\/\">\n\n\t\t\t<div class=\"bx-product-loop-image-container\">\n\t\t\t\t\n\t\t\t\t\t\t\t\t\n\t\t\t<\/div>\n\n\t\t\t<div class=\"loop-product-bottom\">\n\t\t\t\t<div class=\"bx-title\">\n\t\t\t\t\tZwei Sitzb\u00e4nke mit Tisch\t\t\t\t<\/div>\n\t\t\t\t<div class=\"bx-price-row\">\n\t\t\t\t\t<div class=\"bx-price\">\n\t\t\t\t\t\t<span class=\"woocommerce-Price-amount amount\"><bdi>136,00&nbsp;<span class=\"woocommerce-Price-currencySymbol\">&euro;<\/span><\/bdi><\/span>\t\t\t\t\t<\/div>\n\t\t\t\t\t<div class=\"bx-button\">Zum Artikel<\/div>\n\t\t\t\t<\/div>\n\t\t\t<\/div>\n\n\t\t<\/a>\n\t<\/div>\n<\/li><li class=\"product type-product post-2398 status-publish first instock product_cat-inventar product_cat-unkategorisiert has-post-thumbnail virtual purchasable product-type-simple\">\n\t<div class=\"loop-product-border\">\n\t\t<a href=\"https:\/\/shop.visions4children.org\/en\/product\/tafel-200-stueck-kreide\/\">\n\n\t\t\t<div class=\"bx-product-loop-image-container\">\n\t\t\t\t\n\t\t\t\t\t\t\t\t\n\t\t\t<\/div>\n\n\t\t\t<div class=\"loop-product-bottom\">\n\t\t\t\t<div class=\"bx-title\">\n\t\t\t\t\tTafel &amp; 200 St\u00fcck Kreide\t\t\t\t<\/div>\n\t\t\t\t<div class=\"bx-price-row\">\n\t\t\t\t\t<div class=\"bx-price\">\n\t\t\t\t\t\t<span class=\"woocommerce-Price-amount amount\"><bdi>45,00&nbsp;<span class=\"woocommerce-Price-currencySymbol\">&euro;<\/span><\/bdi><\/span>\t\t\t\t\t<\/div>\n\t\t\t\t\t<div class=\"bx-button\">Zum Artikel<\/div>\n\t\t\t\t<\/div>\n\t\t\t<\/div>\n\n\t\t<\/a>\n\t<\/div>\n<\/li><\/ul>\n<\/div>\t\t<\/div>\n\t\t\t\t<\/div>\n\t\t\t\t\t<\/div>\n\t\t<\/div>\n\t\t\t\t\t\t\t<\/div>\n\t\t<\/section>\n\t\t\t\t<section class=\"elementor-section elementor-top-section elementor-element elementor-element-b8fdf91 elementor-section-stretched elementor-section-full_width elementor-section-height-default elementor-section-height-default\" data-id=\"b8fdf91\" data-element_type=\"section\" data-settings=\"{&quot;stretch_section&quot;:&quot;section-stretched&quot;}\">\n\t\t\t\t\t\t<div class=\"elementor-container elementor-column-gap-no\">\n\t\t\t\t\t<div class=\"elementor-column elementor-col-100 elementor-top-column elementor-element elementor-element-ffd243e\" data-id=\"ffd243e\" data-element_type=\"column\">\n\t\t\t<div class=\"elementor-widget-wrap elementor-element-populated\">\n\t\t\t\t\t\t\t\t<div class=\"elementor-element elementor-element-d24c2ac elementor-widget elementor-widget-html\" data-id=\"d24c2ac\" data-element_type=\"widget\" data-widget_type=\"html.default\">\n\t\t\t\t<div class=\"elementor-widget-container\">\n\t\t\t\n<section class=\"bx-shop-page-foerder-container\">\n    <div class=\"col-5\">\n        <img class=\"img-inner support-button-big img-center\"\n            src=\"https:\/\/www.visions4children.org\/wp-content\/uploads\/2024\/01\/Spenden-Button-active.svg\"\n            alt=\"Spenden-Button-active Visions4Children\" style=\"max-width:220px\">\n\n        <p>Eine F\u00f6rdermitgliedschaft bietet\n            dir eine einfache und zeitsparende M\u00f6glichkeit, dich f\u00fcr das Recht auf Bildung aller\n            Kinder einzusetzen. Mit einem Mindestbeitrag von nur 8 Euro pro Monat erh\u00e4ltst du\n            einen exklusiven Einblick in unsere Arbeit und erm\u00f6glichst uns langfristig unsere\n            Hilfsprojekte durchzuf\u00fchren.<\/p>\n        <a class=\"button btn-center\" href=\"https:\/\/www.visions4children.org\/foerdermitgliedschaft\/\"\n            target=\"\">Erfahre mehr<\/a>\n    <\/div>\n    <div class=\"col-6\">\n        <img class=\"img-inner\"\n            src=\"https:\/\/www.visions4children.org\/wp-content\/uploads\/2024\/01\/mitmachen-supporter.jpg\"\n            alt=\"mitmachen-supporter Visions4Children\">\n    <\/div>\n<\/section>\t\t<\/div>\n\t\t\t\t<\/div>\n\t\t\t\t\t<\/div>\n\t\t<\/div>\n\t\t\t\t\t\t\t<\/div>\n\t\t<\/section>\n\t\t\t\t\t\t\t<\/div>","protected":false},"excerpt":{"rendered":"<p>WILLKOMMEN IM SPENDENSHOP! Was kann deine Spende erm\u00f6glichen? In unserem Spendenshop erf\u00e4hrst du es. Unsere Produkte stehen symbolisch f\u00fcr das, was deine Spende vor Ort bewirken kann. Starte deinen \u201eEinkauf\u201c und spende den Betrag. Dieser flie\u00dft nach Dringlichkeit in die Ma\u00dfnahmen unserer Schulbauprojekte. Am Ende erh\u00e4ltst du eine Spendenurkunde, die du f\u00fcr dich oder als [&hellip;]<\/p>","protected":false},"author":1000,"featured_media":0,"parent":0,"menu_order":0,"comment_status":"closed","ping_status":"closed","template":"elementor_header_footer","meta":[],"acf":[],"_links":{"self":[{"href":"https:\/\/shop.visions4children.org\/en\/wp-json\/wp\/v2\/pages\/5344"}],"collection":[{"href":"https:\/\/shop.visions4children.org\/en\/wp-json\/wp\/v2\/pages"}],"about":[{"href":"https:\/\/shop.visions4children.org\/en\/wp-json\/wp\/v2\/types\/page"}],"author":[{"embeddable":true,"href":"https:\/\/shop.visions4children.org\/en\/wp-json\/wp\/v2\/users\/1000"}],"replies":[{"embeddable":true,"href":"https:\/\/shop.visions4children.org\/en\/wp-json\/wp\/v2\/comments?post=5344"}],"version-history":[{"count":40,"href":"https:\/\/shop.visions4children.org\/en\/wp-json\/wp\/v2\/pages\/5344\/revisions"}],"predecessor-version":[{"id":5703,"href":"https:\/\/shop.visions4children.org\/en\/wp-json\/wp\/v2\/pages\/5344\/revisions\/5703"}],"wp:attachment":[{"href":"https:\/\/shop.visions4children.org\/en\/wp-json\/wp\/v2\/media?parent=5344"}],"curies":[{"name":"wp","href":"https:\/\/api.w.org\/{rel}","templated":true}]}}