{"id":2398,"date":"2018-09-11T21:45:33","date_gmt":"2018-09-11T19:45:33","guid":{"rendered":"http:\/\/beta.visions4children.org\/?post_type=product&#038;p=2398"},"modified":"2020-11-23T17:52:42","modified_gmt":"2020-11-23T16:52:42","slug":"tafel-200-stueck-kreide","status":"publish","type":"product","link":"https:\/\/shop.visions4children.org\/en\/product\/tafel-200-stueck-kreide\/","title":{"rendered":"Tafel &amp; 200 St\u00fcck Kreide"},"content":{"rendered":"<p><strong>Herat 2018: F\u00fcnf Whiteboards mit Markern<\/strong><\/p>\n<p>Unsere Projektschule Abdul Wahed Bahra liegt in Herat und wird gr\u00f6\u00dftenteils von vertriebenen Binnenfl\u00fcchtlingen besucht. 2018 konnten wir p\u00fcnktlich zum persischen Neujahrsfest Nauroz den Sch\u00fcler*innen und Lehrer*innen eine Freude bereiten und die Klassenr\u00e4ume mit f\u00fcnf Whiteboard-Tafeln und passenden Markern ausstatten. Seitdem wird der Unterricht anschaulicher und interaktiver, was die n\u00f6tige Motivation und letztendlich auch die Lernerfolge steigert.<\/p>","protected":false},"excerpt":{"rendered":"<p><strong>Grundlage f\u00fcr den Unterricht<\/strong><\/p>\n<p>Die Tafel ist das Herz des Klassenunterrichts, da hier Wissen veranschaulicht wird. Auch erm\u00f6glicht sie den Sch\u00fcler*innen mitzuschreiben und schafft die Grundlage f\u00fcrs Lesen und Rechnen. F\u00fcr 45 Euro k\u00f6nnen wir eine Tafel und 200 St\u00fcck Kreide besorgen und den Unterricht zum Leben erwecken.<\/p>","protected":false},"featured_media":4828,"template":"","meta":[],"product_cat":[17,18],"product_tag":[],"acf":[],"_links":{"self":[{"href":"https:\/\/shop.visions4children.org\/en\/wp-json\/wp\/v2\/product\/2398"}],"collection":[{"href":"https:\/\/shop.visions4children.org\/en\/wp-json\/wp\/v2\/product"}],"about":[{"href":"https:\/\/shop.visions4children.org\/en\/wp-json\/wp\/v2\/types\/product"}],"wp:featuredmedia":[{"embeddable":true,"href":"https:\/\/shop.visions4children.org\/en\/wp-json\/wp\/v2\/media\/4828"}],"wp:attachment":[{"href":"https:\/\/shop.visions4children.org\/en\/wp-json\/wp\/v2\/media?parent=2398"}],"wp:term":[{"taxonomy":"product_cat","embeddable":true,"href":"https:\/\/shop.visions4children.org\/en\/wp-json\/wp\/v2\/product_cat?post=2398"},{"taxonomy":"product_tag","embeddable":true,"href":"https:\/\/shop.visions4children.org\/en\/wp-json\/wp\/v2\/product_tag?post=2398"}],"curies":[{"name":"wp","href":"https:\/\/api.w.org\/{rel}","templated":true}]}}