{"id":2464,"date":"2018-11-12T22:08:30","date_gmt":"2018-11-12T21:08:30","guid":{"rendered":"http:\/\/beta.visions4children.org\/?post_type=product&#038;p=2464"},"modified":"2020-11-23T17:52:12","modified_gmt":"2020-11-23T16:52:12","slug":"tisch","status":"publish","type":"product","link":"https:\/\/shop.visions4children.org\/en\/product\/tisch\/","title":{"rendered":"Zwei Sitzb\u00e4nke mit Tisch"},"content":{"rendered":"<p><strong>Herat 2018: Sitzb\u00e4nke und Tische f\u00fcr 320 Kinder<\/strong><\/p>\n<p>In unserer Projektschule im afghanischen Herat mangelte es seit jeher an Mobiliar, um die hunderten von Sch\u00fcler*innen t\u00e4glich unterzubringen. Das f\u00fchrte dazu, dass die Kinder dem Unterricht nicht immer konzentriert folgen konnten oder unter Umst\u00e4nden den Unterricht ganz vers\u00e4umten. Im M\u00e4rz 2018 konnten wir endlich aus Spendengeldern 160 Sitzb\u00e4nke mit Tischen besorgen. Seitdem ist in den Klassenr\u00e4umen konzentriertes Lernen m\u00f6glich.<\/p>","protected":false},"excerpt":{"rendered":"<p><strong>Platz f\u00fcr jedes Kind<\/strong><\/p>\n<p>Viele Kinder unserer Projektschulen mussten fr\u00fcher immer auf dem Boden sitzen, um dem Unterricht zu folgen. Das verursacht \u2013 insbesondere beim Mitschreiben \u2013 gesundheitliche Sch\u00e4den und steht im Widerspruch zu einem w\u00fcrdevollen Schulbesuch. Daher ist es unser Ziel, jedem Kind einen Platz auf der Schulbank zu erm\u00f6glichen.<\/p>","protected":false},"featured_media":4827,"template":"","meta":[],"product_cat":[17,18],"product_tag":[],"acf":[],"_links":{"self":[{"href":"https:\/\/shop.visions4children.org\/en\/wp-json\/wp\/v2\/product\/2464"}],"collection":[{"href":"https:\/\/shop.visions4children.org\/en\/wp-json\/wp\/v2\/product"}],"about":[{"href":"https:\/\/shop.visions4children.org\/en\/wp-json\/wp\/v2\/types\/product"}],"wp:featuredmedia":[{"embeddable":true,"href":"https:\/\/shop.visions4children.org\/en\/wp-json\/wp\/v2\/media\/4827"}],"wp:attachment":[{"href":"https:\/\/shop.visions4children.org\/en\/wp-json\/wp\/v2\/media?parent=2464"}],"wp:term":[{"taxonomy":"product_cat","embeddable":true,"href":"https:\/\/shop.visions4children.org\/en\/wp-json\/wp\/v2\/product_cat?post=2464"},{"taxonomy":"product_tag","embeddable":true,"href":"https:\/\/shop.visions4children.org\/en\/wp-json\/wp\/v2\/product_tag?post=2464"}],"curies":[{"name":"wp","href":"https:\/\/api.w.org\/{rel}","templated":true}]}}