{"id":2538,"date":"2018-11-26T11:53:58","date_gmt":"2018-11-26T10:53:58","guid":{"rendered":"http:\/\/beta.visions4children.org\/?post_type=product&#038;p=2538"},"modified":"2021-10-08T12:40:42","modified_gmt":"2021-10-08T10:40:42","slug":"labortisch-workshop-naturwissenschaften","status":"publish","type":"product","link":"https:\/\/shop.visions4children.org\/en\/product\/labortisch-workshop-naturwissenschaften\/","title":{"rendered":"Kit &#038; Workshop Naturwissenschaften"},"content":{"rendered":"<p><strong>Herat 2018: Laborausstattung f\u00fcr mehr Unterrichtsqualit\u00e4t<\/strong><\/p>\n<p>Praktische Materialien f\u00fcr den naturwissenschaftlichen Unterricht fehlen an den meisten Schulen in Krisenregionen. Im M\u00e4rz 2018 konnten wir dank der Spenden die Schule Abdul Wahad Bahra in Herat mit grundlegendem Laborequipment wie z.B. Mikroskopen, Reagenzgl\u00e4sern und Modellen des menschlichen K\u00f6rpers ausstatten. Die Kinder haben sich sichtlich gefreut und der Unterricht gewann durch mehr Abwechslung und Praxis deutlich an Qualit\u00e4t.<\/p>","protected":false},"excerpt":{"rendered":"<p><strong>Bildung f\u00fcr kleine wie gro\u00dfe Forscher<\/strong><\/p>\n<p>\u00dcber kleine Experimente und Modelle lassen sich Biologie, Chemie &amp; Co. um ein Vielfaches besser erkl\u00e4ren. Neben dem Labortisch statten wir Klassenr\u00e4ume mit einer Reihe zentraler Anschauungsmaterialien wie einem Mikroskop, einem Skelett und einem Modell des Sonnensystems aus. Die Lerneffekte werden durch solche Sets nachweislich gesteigert.<\/p>","protected":false},"featured_media":4826,"template":"","meta":[],"product_cat":[17,18],"product_tag":[],"acf":[],"_links":{"self":[{"href":"https:\/\/shop.visions4children.org\/en\/wp-json\/wp\/v2\/product\/2538"}],"collection":[{"href":"https:\/\/shop.visions4children.org\/en\/wp-json\/wp\/v2\/product"}],"about":[{"href":"https:\/\/shop.visions4children.org\/en\/wp-json\/wp\/v2\/types\/product"}],"wp:featuredmedia":[{"embeddable":true,"href":"https:\/\/shop.visions4children.org\/en\/wp-json\/wp\/v2\/media\/4826"}],"wp:attachment":[{"href":"https:\/\/shop.visions4children.org\/en\/wp-json\/wp\/v2\/media?parent=2538"}],"wp:term":[{"taxonomy":"product_cat","embeddable":true,"href":"https:\/\/shop.visions4children.org\/en\/wp-json\/wp\/v2\/product_cat?post=2538"},{"taxonomy":"product_tag","embeddable":true,"href":"https:\/\/shop.visions4children.org\/en\/wp-json\/wp\/v2\/product_tag?post=2538"}],"curies":[{"name":"wp","href":"https:\/\/api.w.org\/{rel}","templated":true}]}}