{"id":2541,"date":"2018-11-26T12:01:47","date_gmt":"2018-11-26T11:01:47","guid":{"rendered":"http:\/\/beta.visions4children.org\/?post_type=product&#038;p=2541"},"modified":"2020-11-23T17:51:16","modified_gmt":"2020-11-23T16:51:16","slug":"handwaschanlage-hygiene-workshop","status":"publish","type":"product","link":"https:\/\/shop.visions4children.org\/en\/product\/handwaschanlage-hygiene-workshop\/","title":{"rendered":"Handwaschanlage &amp; Hygiene-Workshop"},"content":{"rendered":"<p><strong>Kabul 2017: Handwaschanlage mit 19 H\u00e4hnen<\/strong><\/p>\n<p>Mangelnde Hygiene ist weltweit einer der gr\u00f6\u00dften gesundheitlichen Risikofaktoren. Um dieses Risiko anzugehen, stellten wir im November 2017 an der Schule Khwaja Boghrain Kabul eine Handwaschanlage fertig. Zus\u00e4tzlich gab es WASH-Workshops mit Vortr\u00e4gen und spielerischen \u00dcbungen zum Thema Hygiene, Ern\u00e4hrung und Gesundheit. Seither haben sich die hygienischen Bedingungen deutlich verbessert: Gesundheitliche Risiken wurden einged\u00e4mmt und Kinder aus sozial schwachen Verh\u00e4ltnissen bekamen Zugang zu Trinkwasser.<\/p>","protected":false},"excerpt":{"rendered":"<p><strong>Hygiene macht Schule\u00a0\u00a0 <\/strong><\/p>\n<p>Sanit\u00e4ranlagen vieler Schulen in Krisenregionen sind nicht ausreichend ausgestattet und eine Belastung f\u00fcr die Hygienebedingungen vor Ort. Damit gef\u00e4hrden sie ernsthaft die Gesundheit der Sch\u00fcler*innen. Mit einer Handwaschanlage wird dieses Problem angegangen. Hygiene-Workshops f\u00fcr sowohl Kinder wie Lehrer*innen garantieren, dass Gesundheitsstandards langfristig gesichert werden.<\/p>","protected":false},"featured_media":4829,"template":"","meta":[],"product_cat":[17],"product_tag":[],"acf":[],"_links":{"self":[{"href":"https:\/\/shop.visions4children.org\/en\/wp-json\/wp\/v2\/product\/2541"}],"collection":[{"href":"https:\/\/shop.visions4children.org\/en\/wp-json\/wp\/v2\/product"}],"about":[{"href":"https:\/\/shop.visions4children.org\/en\/wp-json\/wp\/v2\/types\/product"}],"wp:featuredmedia":[{"embeddable":true,"href":"https:\/\/shop.visions4children.org\/en\/wp-json\/wp\/v2\/media\/4829"}],"wp:attachment":[{"href":"https:\/\/shop.visions4children.org\/en\/wp-json\/wp\/v2\/media?parent=2541"}],"wp:term":[{"taxonomy":"product_cat","embeddable":true,"href":"https:\/\/shop.visions4children.org\/en\/wp-json\/wp\/v2\/product_cat?post=2541"},{"taxonomy":"product_tag","embeddable":true,"href":"https:\/\/shop.visions4children.org\/en\/wp-json\/wp\/v2\/product_tag?post=2541"}],"curies":[{"name":"wp","href":"https:\/\/api.w.org\/{rel}","templated":true}]}}