{"id":4765,"date":"2022-10-26T12:10:35","date_gmt":"2022-10-26T10:10:35","guid":{"rendered":"https:\/\/shop.visions4children.org\/?post_type=product&#038;p=4765"},"modified":"2023-08-07T10:54:33","modified_gmt":"2023-08-07T08:54:33","slug":"schulstarterset","status":"publish","type":"product","link":"https:\/\/shop.visions4children.org\/en\/product\/schulstarterset\/","title":{"rendered":"Schulstarterset"},"content":{"rendered":"<p><strong>Ausmalbild f\u00fcr den Schulstart<\/strong><\/p>\n<p>Die Illustrator*innen Merve und Kwizera geben zum Schulstart einen Eindruck in den Schulalltag in den Projektl\u00e4ndern &#8211; Uganda und Afghanistan. Mit deiner Spende erh\u00e4ltst du eine schwarz-wei\u00df Illustration als Ausmalbild per E-Mail.<\/p>","protected":false},"excerpt":{"rendered":"<p><strong>Hochwertiges Schulmaterial f\u00fcr eine ganze Klasse<\/strong><\/p>\n<p>Durch eigenes Mitschreiben k\u00f6nnen Kinder Wissen aufnehmen und neue Gedanken formen. Auch sind Hausaufgaben nur m\u00f6glich, wenn die Sch\u00fcler*innen Materialien f\u00fcr eigene Mitschriften zur Verf\u00fcgung haben. Mit 24 Euro versorgen wir 20 Sch\u00fcler*innen mit ausreichend und hochwertigen Heften, Stiften und Linealen.<\/p>\n<p>Zum Schulstart haben wir uns au\u00dferdem etwas ganz Besonderes \u00fcberlegt: Mit deiner Spende erh\u00e4ltst du eine Schul-Illustration deiner Wahl als Ausmalbild. Du suchst dir das Motiv aus &#8211; Afghanistan oder Uganda &#8211; und kannst sie zum Beispiel einem Kind in die Schult\u00fcte geben. F\u00fcr einen sicheren Schulstart f\u00fcr alle!<\/p>","protected":false},"featured_media":4825,"template":"","meta":[],"product_cat":[17,20],"product_tag":[],"acf":[],"_links":{"self":[{"href":"https:\/\/shop.visions4children.org\/en\/wp-json\/wp\/v2\/product\/4765"}],"collection":[{"href":"https:\/\/shop.visions4children.org\/en\/wp-json\/wp\/v2\/product"}],"about":[{"href":"https:\/\/shop.visions4children.org\/en\/wp-json\/wp\/v2\/types\/product"}],"wp:featuredmedia":[{"embeddable":true,"href":"https:\/\/shop.visions4children.org\/en\/wp-json\/wp\/v2\/media\/4825"}],"wp:attachment":[{"href":"https:\/\/shop.visions4children.org\/en\/wp-json\/wp\/v2\/media?parent=4765"}],"wp:term":[{"taxonomy":"product_cat","embeddable":true,"href":"https:\/\/shop.visions4children.org\/en\/wp-json\/wp\/v2\/product_cat?post=4765"},{"taxonomy":"product_tag","embeddable":true,"href":"https:\/\/shop.visions4children.org\/en\/wp-json\/wp\/v2\/product_tag?post=4765"}],"curies":[{"name":"wp","href":"https:\/\/api.w.org\/{rel}","templated":true}]}}