{"id":4787,"date":"2020-11-09T21:13:16","date_gmt":"2020-11-09T20:13:16","guid":{"rendered":"https:\/\/shop.visions4children.org\/?post_type=product&#038;p=4787"},"modified":"2020-11-23T12:13:54","modified_gmt":"2020-11-23T11:13:54","slug":"monatsgehalt-lehrkraft","status":"publish","type":"product","link":"https:\/\/shop.visions4children.org\/en\/product\/monatsgehalt-lehrkraft\/","title":{"rendered":"MONATSGEHALT LEHRKRAFT"},"content":{"rendered":"","protected":false},"excerpt":{"rendered":"<p><strong>Wissen vermitteln und die eigene Familie\u00a0ern\u00e4hren\u00a0 \u00a0<\/strong><\/p>\n<p>F\u00fcr einen guten Schulunterricht sind qualifizierte Lehrkr\u00e4fte unabdingbar. Doch sie vermitteln weit mehr als nur Inhalte, Lehrkr\u00e4fte k\u00f6nnen au\u00dferdem wichtige Bezugspersonen, Vorbilder und T\u00fcr\u00f6ffner f\u00fcr Sch\u00fcler*innen sein. Mit nur 84 Euro kann das Gehalt einer Lehrkraft an den von uns unterst\u00fctzten Schulen f\u00fcr einen ganzen Monat gesichert werden. Dadurch werden neben der Unterrichtsqualit\u00e4t auch die Versorgung der Lehrer*innenfamilien garantiert.<\/p>","protected":false},"featured_media":4824,"template":"","meta":[],"product_cat":[17],"product_tag":[],"acf":[],"_links":{"self":[{"href":"https:\/\/shop.visions4children.org\/en\/wp-json\/wp\/v2\/product\/4787"}],"collection":[{"href":"https:\/\/shop.visions4children.org\/en\/wp-json\/wp\/v2\/product"}],"about":[{"href":"https:\/\/shop.visions4children.org\/en\/wp-json\/wp\/v2\/types\/product"}],"wp:featuredmedia":[{"embeddable":true,"href":"https:\/\/shop.visions4children.org\/en\/wp-json\/wp\/v2\/media\/4824"}],"wp:attachment":[{"href":"https:\/\/shop.visions4children.org\/en\/wp-json\/wp\/v2\/media?parent=4787"}],"wp:term":[{"taxonomy":"product_cat","embeddable":true,"href":"https:\/\/shop.visions4children.org\/en\/wp-json\/wp\/v2\/product_cat?post=4787"},{"taxonomy":"product_tag","embeddable":true,"href":"https:\/\/shop.visions4children.org\/en\/wp-json\/wp\/v2\/product_tag?post=4787"}],"curies":[{"name":"wp","href":"https:\/\/api.w.org\/{rel}","templated":true}]}}