{"id":5103,"date":"2021-11-17T13:00:51","date_gmt":"2021-11-17T12:00:51","guid":{"rendered":"https:\/\/shop.visions4children.org\/?post_type=product&#038;p=5103"},"modified":"2021-11-25T15:12:11","modified_gmt":"2021-11-25T14:12:11","slug":"foerdermitgliedschaft-1","status":"publish","type":"product","link":"https:\/\/shop.visions4children.org\/en\/product\/foerdermitgliedschaft-1\/","title":{"rendered":"F\u00d6RDERMITGLIEDSCHAFT F\u00dcR EIN JAHR &#8211; 10 \u20ac\/MONAT"},"content":{"rendered":"","protected":false},"excerpt":{"rendered":"<p><strong>Nachhaltige Unterst\u00fctzung sichern <\/strong><\/p>\n<p><span data-contrast=\"auto\">Du kennst jemanden, der sich f\u00fcr unsere Arbeit interessiert und gerne noch n\u00e4her dran an unserer Arbeit w\u00e4re? Dann verschenke eine F\u00f6rdermitgliedschaft!\u00a0<\/span><span data-ccp-props=\"{&quot;201341983&quot;:0,&quot;335559739&quot;:160,&quot;335559740&quot;:259}\">\u00a0<\/span><\/p>\n<p><span data-contrast=\"auto\">Besonders hinsichtlich der aktuellen politischen Lage in Afghanistan sind F\u00f6rdermitglieder sehr wertvoll f\u00fcr uns, da regelm\u00e4\u00dfige Spenden die Durchf\u00fchrung und nachhaltige Planung unserer Projekte finanziell absichern.<\/span><span data-ccp-props=\"{&quot;201341983&quot;:0,&quot;335559739&quot;:160,&quot;335559740&quot;:259}\">\u00a0<\/span><\/p>\n<p><span data-contrast=\"auto\">Mit einem monatlichen Mitgliedsbeitrag von 10 \u20ac k\u00f6nnen wir 18 Kinder mit hochwertigen Schulmaterialien ausstatten.\u00a0\u00a0<\/span><span data-ccp-props=\"{&quot;201341983&quot;:0,&quot;335559739&quot;:160,&quot;335559740&quot;:259}\">\u00a0<\/span><\/p>\n<p><span data-contrast=\"auto\">Das von dir beschenkte F\u00f6rdermitglied erh\u00e4lt f\u00fcr ein Jahr Zugang zu exklusiven Informationen und Veranstaltungen, kann an Mitgliederversammlungen teilnehmen und erh\u00e4lt Einblicke in unsere Arbeit in Deutschland, Afghanistan und Uganda.<\/span><span data-ccp-props=\"{&quot;201341983&quot;:0,&quot;335559739&quot;:160,&quot;335559740&quot;:259}\">\u00a0<\/span><\/p>","protected":false},"featured_media":5112,"template":"","meta":[],"product_cat":[17],"product_tag":[],"acf":[],"_links":{"self":[{"href":"https:\/\/shop.visions4children.org\/en\/wp-json\/wp\/v2\/product\/5103"}],"collection":[{"href":"https:\/\/shop.visions4children.org\/en\/wp-json\/wp\/v2\/product"}],"about":[{"href":"https:\/\/shop.visions4children.org\/en\/wp-json\/wp\/v2\/types\/product"}],"wp:featuredmedia":[{"embeddable":true,"href":"https:\/\/shop.visions4children.org\/en\/wp-json\/wp\/v2\/media\/5112"}],"wp:attachment":[{"href":"https:\/\/shop.visions4children.org\/en\/wp-json\/wp\/v2\/media?parent=5103"}],"wp:term":[{"taxonomy":"product_cat","embeddable":true,"href":"https:\/\/shop.visions4children.org\/en\/wp-json\/wp\/v2\/product_cat?post=5103"},{"taxonomy":"product_tag","embeddable":true,"href":"https:\/\/shop.visions4children.org\/en\/wp-json\/wp\/v2\/product_tag?post=5103"}],"curies":[{"name":"wp","href":"https:\/\/api.w.org\/{rel}","templated":true}]}}