{"id":6020,"date":"2026-04-29T14:47:49","date_gmt":"2026-04-29T12:47:49","guid":{"rendered":"https:\/\/shop.visions4children.org\/?post_type=product&#038;p=6020"},"modified":"2026-05-05T14:04:11","modified_gmt":"2026-05-05T12:04:11","slug":"muttertags-aktion-2026-starterset","status":"publish","type":"product","link":"https:\/\/shop.visions4children.org\/en\/product\/muttertags-aktion-2026-starterset\/","title":{"rendered":"MUTTERTAGS-AKTION: Starterset zum Aufbau von Einkommen"},"content":{"rendered":"<p>Mit einer Spende von 50 \u20ac unterst\u00fctzt du eine Mutter in Afghanistan mit Arbeitsmaterialien f\u00fcr den Aufbau einer eigenen Einkommensm\u00f6glichkeit.<\/p>\n<p>Du m\u00f6chtest dich f\u00fcr die gesamten Komponenten der Einkommensf\u00f6rderung einsetzen? <a href=\"https:\/\/shop.visions4children.org\/en\/product\/muttertags-aktion-2026-komplettpaket\/\"><span style=\"color: #ff870e;\"><span style=\"font-size: 18px;\">Hier <\/span><\/span><\/a>kannst du mit 50 \u20ac zus\u00e4tzlich Schulungen zu unternehmerischen Grundlagen und eine begleitende Beratung erm\u00f6glichen.<\/p>","protected":false},"excerpt":{"rendered":"<p><strong>Blumen verwelken. Chancen bleiben. <\/strong><\/p>\n<p>W\u00e4hrend Muttertag in Deutschland vor allem mit Blumen und Geschenken verbunden ist, k\u00e4mpfen viele M\u00fctter in Afghanistan darum, ihre Kinder zu versorgen und Bildung zu erm\u00f6glichen<\/p>\n<p>Geschenke sind kurzfristig, aber ein festes Einkommen schafft langfristige Ver\u00e4nderung. Spende jetzt f\u00fcr mehr Unabh\u00e4ngigkeit f\u00fcr M\u00fctter!<\/p>","protected":false},"featured_media":6024,"template":"","meta":[],"product_cat":[17],"product_tag":[],"acf":[],"_links":{"self":[{"href":"https:\/\/shop.visions4children.org\/en\/wp-json\/wp\/v2\/product\/6020"}],"collection":[{"href":"https:\/\/shop.visions4children.org\/en\/wp-json\/wp\/v2\/product"}],"about":[{"href":"https:\/\/shop.visions4children.org\/en\/wp-json\/wp\/v2\/types\/product"}],"wp:featuredmedia":[{"embeddable":true,"href":"https:\/\/shop.visions4children.org\/en\/wp-json\/wp\/v2\/media\/6024"}],"wp:attachment":[{"href":"https:\/\/shop.visions4children.org\/en\/wp-json\/wp\/v2\/media?parent=6020"}],"wp:term":[{"taxonomy":"product_cat","embeddable":true,"href":"https:\/\/shop.visions4children.org\/en\/wp-json\/wp\/v2\/product_cat?post=6020"},{"taxonomy":"product_tag","embeddable":true,"href":"https:\/\/shop.visions4children.org\/en\/wp-json\/wp\/v2\/product_tag?post=6020"}],"curies":[{"name":"wp","href":"https:\/\/api.w.org\/{rel}","templated":true}]}}