{"id":6025,"date":"2026-04-29T15:56:07","date_gmt":"2026-04-29T13:56:07","guid":{"rendered":"https:\/\/shop.visions4children.org\/?post_type=product&#038;p=6025"},"modified":"2026-05-05T14:03:13","modified_gmt":"2026-05-05T12:03:13","slug":"muttertags-aktion-2026-komplettpaket","status":"publish","type":"product","link":"https:\/\/shop.visions4children.org\/en\/product\/muttertags-aktion-2026-komplettpaket\/","title":{"rendered":"MUTTERTAGS-AKTION: Komplettpaket zum Aufbau von Einkommen"},"content":{"rendered":"<p>Mit einer Spende von 100 \u20ac erm\u00f6glichst du einer Mutter in Afghanistan ein eigenes Einkommen aufzubauen. Das Paket umfasst die gesamten Komponenten der Einkommensf\u00f6rderung: Arbeitsmaterialien zur Gr\u00fcndung kleiner Einkommensaktivit\u00e4ten, Schulungen zu unternehmerischen Grundlagen und eine begleitende Beratung.<\/p>","protected":false},"excerpt":{"rendered":"<p><strong>Blumen verwelken. Chancen bleiben. <\/strong><\/p>\n<p>W\u00e4hrend Muttertag in Deutschland vor allem mit Blumen und Geschenken verbunden ist, k\u00e4mpfen viele M\u00fctter in Afghanistan darum, ihre Kinder zu versorgen und Bildung zu erm\u00f6glichen<\/p>\n<p>Geschenke sind kurzfristig, aber ein festes Einkommen schafft langfristige Ver\u00e4nderung. Spende jetzt f\u00fcr mehr Unabh\u00e4ngigkeit f\u00fcr M\u00fctter!<\/p>","protected":false},"featured_media":6035,"template":"","meta":[],"product_cat":[17],"product_tag":[],"acf":[],"_links":{"self":[{"href":"https:\/\/shop.visions4children.org\/en\/wp-json\/wp\/v2\/product\/6025"}],"collection":[{"href":"https:\/\/shop.visions4children.org\/en\/wp-json\/wp\/v2\/product"}],"about":[{"href":"https:\/\/shop.visions4children.org\/en\/wp-json\/wp\/v2\/types\/product"}],"wp:featuredmedia":[{"embeddable":true,"href":"https:\/\/shop.visions4children.org\/en\/wp-json\/wp\/v2\/media\/6035"}],"wp:attachment":[{"href":"https:\/\/shop.visions4children.org\/en\/wp-json\/wp\/v2\/media?parent=6025"}],"wp:term":[{"taxonomy":"product_cat","embeddable":true,"href":"https:\/\/shop.visions4children.org\/en\/wp-json\/wp\/v2\/product_cat?post=6025"},{"taxonomy":"product_tag","embeddable":true,"href":"https:\/\/shop.visions4children.org\/en\/wp-json\/wp\/v2\/product_tag?post=6025"}],"curies":[{"name":"wp","href":"https:\/\/api.w.org\/{rel}","templated":true}]}}